{"id":2965,"date":"2021-12-14T10:43:41","date_gmt":"2021-12-14T10:43:41","guid":{"rendered":"https:\/\/yuanpaygroup.com\/oficialna-webova-stranka-spolocnosti-yuan-pay-group-2021-yuanpaygroup-com"},"modified":"2022-03-16T15:29:52","modified_gmt":"2022-03-16T15:29:52","slug":"oficialna-webova-stranka-spolocnosti-yuan-pay-group-2021-yuanpaygroup-com","status":"publish","type":"page","link":"https:\/\/yuanpaygroup.com\/sk\/","title":{"rendered":"Ofici\u00e1lna webov\u00e1 str\u00e1nka spolo\u010dnosti Yuan Pay Group\u2122 2021 | Yuanpaygroup.com"},"content":{"rendered":"","protected":false},"excerpt":{"rendered":"","protected":false},"author":1,"featured_media":0,"parent":0,"menu_order":0,"comment_status":"closed","ping_status":"closed","template":"","meta":{"_acf_changed":false,"footnotes":""},"class_list":["post-2965","page","type-page","status-publish","hentry"],"acf":[],"yoast_head":"<!-- This site is optimized with the Yoast SEO Premium plugin v20.1 (Yoast SEO v22.4) - https:\/\/yoast.com\/wordpress\/plugins\/seo\/ -->\n<title>Ofici\u00e1lna webov\u00e1 str\u00e1nka spolo\u010dnosti Yuan Pay Group\u2122 2021 | Yuanpaygroup.com<\/title>\n<meta name=\"description\" content=\"Teraz si m\u00f4\u017eete zameni\u0165 svoje EUR\u00c1 za \u010c\u00ednsku ofici\u00e1lnu kryptomenu, schv\u00e1len\u00fa vl\u00e1dou!\" \/>\n<meta name=\"robots\" content=\"index, follow, max-snippet:-1, max-image-preview:large, max-video-preview:-1\" \/>\n<link rel=\"canonical\" href=\"https:\/\/yuanpaygroup.com\/sk\/\" \/>\n<meta property=\"og:locale\" content=\"sk_SK\" \/>\n<meta property=\"og:type\" content=\"article\" \/>\n<meta property=\"og:title\" content=\"Ofici\u00e1lna webov\u00e1 str\u00e1nka spolo\u010dnosti Yuan Pay Group\u2122 2021 | Yuanpaygroup.com\" \/>\n<meta property=\"og:description\" content=\"Teraz si m\u00f4\u017eete zameni\u0165 svoje EUR\u00c1 za \u010c\u00ednsku ofici\u00e1lnu kryptomenu, schv\u00e1len\u00fa vl\u00e1dou!\" \/>\n<meta property=\"og:url\" content=\"https:\/\/yuanpaygroup.com\/sk\/\" \/>\n<meta property=\"og:site_name\" content=\"Official Company Website 2022 | Yuan Pay Group\u2122\" \/>\n<meta property=\"article:modified_time\" content=\"2022-03-16T15:29:52+00:00\" \/>\n<meta property=\"og:image\" content=\"https:\/\/test.yuanpaygroup.com\/wp-content\/uploads\/2021\/08\/pexels-thought-catalog.webp\" \/>\n<meta name=\"twitter:card\" content=\"summary_large_image\" \/>\n<meta name=\"twitter:image\" content=\"https:\/\/test.yuanpaygroup.com\/wp-content\/uploads\/2021\/08\/hand-hold.webp\" \/>\n<script type=\"application\/ld+json\" class=\"yoast-schema-graph\">{\"@context\":\"https:\/\/schema.org\",\"@graph\":[{\"@type\":\"WebPage\",\"@id\":\"https:\/\/yuanpaygroup.com\/sk\/\",\"url\":\"https:\/\/yuanpaygroup.com\/sk\/\",\"name\":\"Ofici\u00e1lna webov\u00e1 str\u00e1nka spolo\u010dnosti Yuan Pay Group\u2122 2021 | Yuanpaygroup.com\",\"isPartOf\":{\"@id\":\"https:\/\/yuanpaygroup.com\/sk\/#website\"},\"datePublished\":\"2021-12-14T10:43:41+00:00\",\"dateModified\":\"2022-03-16T15:29:52+00:00\",\"description\":\"Teraz si m\u00f4\u017eete zameni\u0165 svoje EUR\u00c1 za \u010c\u00ednsku ofici\u00e1lnu kryptomenu, schv\u00e1len\u00fa vl\u00e1dou!\",\"breadcrumb\":{\"@id\":\"https:\/\/yuanpaygroup.com\/sk\/#breadcrumb\"},\"inLanguage\":\"sk-SK\",\"potentialAction\":[{\"@type\":\"ReadAction\",\"target\":[\"https:\/\/yuanpaygroup.com\/sk\/\"]}]},{\"@type\":\"BreadcrumbList\",\"@id\":\"https:\/\/yuanpaygroup.com\/sk\/#breadcrumb\",\"itemListElement\":[{\"@type\":\"ListItem\",\"position\":1,\"name\":\"Home\",\"item\":\"https:\/\/yuanpaygroup.com\/sk\/\"},{\"@type\":\"ListItem\",\"position\":2,\"name\":\"Ofici\u00e1lna webov\u00e1 str\u00e1nka spolo\u010dnosti Yuan Pay Group\u2122 2021 | Yuanpaygroup.com\"}]},{\"@type\":\"WebSite\",\"@id\":\"https:\/\/yuanpaygroup.com\/sk\/#website\",\"url\":\"https:\/\/yuanpaygroup.com\/sk\/\",\"name\":\"Official Company Website 2022 | Yuan Pay Group\u2122\",\"description\":\"Yuan Pay Group \u2122 - You can now trade official Chinese cryptocurrency with government support. \u2705 Reliable digital yuan\",\"publisher\":{\"@id\":\"https:\/\/yuanpaygroup.com\/sk\/#organization\"},\"potentialAction\":[{\"@type\":\"SearchAction\",\"target\":{\"@type\":\"EntryPoint\",\"urlTemplate\":\"https:\/\/yuanpaygroup.com\/sk\/?s={search_term_string}\"},\"query-input\":\"required name=search_term_string\"}],\"inLanguage\":\"sk-SK\"},{\"@type\":\"Organization\",\"@id\":\"https:\/\/yuanpaygroup.com\/sk\/#organization\",\"name\":\"Yuan Pay Group\",\"url\":\"https:\/\/yuanpaygroup.com\/sk\/\",\"logo\":{\"@type\":\"ImageObject\",\"inLanguage\":\"sk-SK\",\"@id\":\"https:\/\/yuanpaygroup.com\/sk\/#\/schema\/logo\/image\/\",\"url\":\"https:\/\/yuanpaygroup.com\/wp-content\/uploads\/2023\/02\/YuanPayGroup.png\",\"contentUrl\":\"https:\/\/yuanpaygroup.com\/wp-content\/uploads\/2023\/02\/YuanPayGroup.png\",\"width\":218,\"height\":30,\"caption\":\"Yuan Pay Group\"},\"image\":{\"@id\":\"https:\/\/yuanpaygroup.com\/sk\/#\/schema\/logo\/image\/\"}}]}<\/script>\n<!-- \/ Yoast SEO Premium plugin. -->","yoast_head_json":{"title":"Ofici\u00e1lna webov\u00e1 str\u00e1nka spolo\u010dnosti Yuan Pay Group\u2122 2021 | Yuanpaygroup.com","description":"Teraz si m\u00f4\u017eete zameni\u0165 svoje EUR\u00c1 za \u010c\u00ednsku ofici\u00e1lnu kryptomenu, schv\u00e1len\u00fa vl\u00e1dou!","robots":{"index":"index","follow":"follow","max-snippet":"max-snippet:-1","max-image-preview":"max-image-preview:large","max-video-preview":"max-video-preview:-1"},"canonical":"https:\/\/yuanpaygroup.com\/sk\/","og_locale":"sk_SK","og_type":"article","og_title":"Ofici\u00e1lna webov\u00e1 str\u00e1nka spolo\u010dnosti Yuan Pay Group\u2122 2021 | Yuanpaygroup.com","og_description":"Teraz si m\u00f4\u017eete zameni\u0165 svoje EUR\u00c1 za \u010c\u00ednsku ofici\u00e1lnu kryptomenu, schv\u00e1len\u00fa vl\u00e1dou!","og_url":"https:\/\/yuanpaygroup.com\/sk\/","og_site_name":"Official Company Website 2022 | Yuan Pay Group\u2122","article_modified_time":"2022-03-16T15:29:52+00:00","og_image":[{"url":"https:\/\/test.yuanpaygroup.com\/wp-content\/uploads\/2021\/08\/pexels-thought-catalog.webp"}],"twitter_card":"summary_large_image","twitter_image":"https:\/\/test.yuanpaygroup.com\/wp-content\/uploads\/2021\/08\/hand-hold.webp","schema":{"@context":"https:\/\/schema.org","@graph":[{"@type":"WebPage","@id":"https:\/\/yuanpaygroup.com\/sk\/","url":"https:\/\/yuanpaygroup.com\/sk\/","name":"Ofici\u00e1lna webov\u00e1 str\u00e1nka spolo\u010dnosti Yuan Pay Group\u2122 2021 | Yuanpaygroup.com","isPartOf":{"@id":"https:\/\/yuanpaygroup.com\/sk\/#website"},"datePublished":"2021-12-14T10:43:41+00:00","dateModified":"2022-03-16T15:29:52+00:00","description":"Teraz si m\u00f4\u017eete zameni\u0165 svoje EUR\u00c1 za \u010c\u00ednsku ofici\u00e1lnu kryptomenu, schv\u00e1len\u00fa vl\u00e1dou!","breadcrumb":{"@id":"https:\/\/yuanpaygroup.com\/sk\/#breadcrumb"},"inLanguage":"sk-SK","potentialAction":[{"@type":"ReadAction","target":["https:\/\/yuanpaygroup.com\/sk\/"]}]},{"@type":"BreadcrumbList","@id":"https:\/\/yuanpaygroup.com\/sk\/#breadcrumb","itemListElement":[{"@type":"ListItem","position":1,"name":"Home","item":"https:\/\/yuanpaygroup.com\/sk\/"},{"@type":"ListItem","position":2,"name":"Ofici\u00e1lna webov\u00e1 str\u00e1nka spolo\u010dnosti Yuan Pay Group\u2122 2021 | Yuanpaygroup.com"}]},{"@type":"WebSite","@id":"https:\/\/yuanpaygroup.com\/sk\/#website","url":"https:\/\/yuanpaygroup.com\/sk\/","name":"Official Company Website 2022 | Yuan Pay Group\u2122","description":"Yuan Pay Group \u2122 - You can now trade official Chinese cryptocurrency with government support. \u2705 Reliable digital yuan","publisher":{"@id":"https:\/\/yuanpaygroup.com\/sk\/#organization"},"potentialAction":[{"@type":"SearchAction","target":{"@type":"EntryPoint","urlTemplate":"https:\/\/yuanpaygroup.com\/sk\/?s={search_term_string}"},"query-input":"required name=search_term_string"}],"inLanguage":"sk-SK"},{"@type":"Organization","@id":"https:\/\/yuanpaygroup.com\/sk\/#organization","name":"Yuan Pay Group","url":"https:\/\/yuanpaygroup.com\/sk\/","logo":{"@type":"ImageObject","inLanguage":"sk-SK","@id":"https:\/\/yuanpaygroup.com\/sk\/#\/schema\/logo\/image\/","url":"https:\/\/yuanpaygroup.com\/wp-content\/uploads\/2023\/02\/YuanPayGroup.png","contentUrl":"https:\/\/yuanpaygroup.com\/wp-content\/uploads\/2023\/02\/YuanPayGroup.png","width":218,"height":30,"caption":"Yuan Pay Group"},"image":{"@id":"https:\/\/yuanpaygroup.com\/sk\/#\/schema\/logo\/image\/"}}]}},"_links":{"self":[{"href":"https:\/\/yuanpaygroup.com\/sk\/wp-json\/wp\/v2\/pages\/2965","targetHints":{"allow":["GET"]}}],"collection":[{"href":"https:\/\/yuanpaygroup.com\/sk\/wp-json\/wp\/v2\/pages"}],"about":[{"href":"https:\/\/yuanpaygroup.com\/sk\/wp-json\/wp\/v2\/types\/page"}],"author":[{"embeddable":true,"href":"https:\/\/yuanpaygroup.com\/sk\/wp-json\/wp\/v2\/users\/1"}],"replies":[{"embeddable":true,"href":"https:\/\/yuanpaygroup.com\/sk\/wp-json\/wp\/v2\/comments?post=2965"}],"version-history":[{"count":1,"href":"https:\/\/yuanpaygroup.com\/sk\/wp-json\/wp\/v2\/pages\/2965\/revisions"}],"predecessor-version":[{"id":13785,"href":"https:\/\/yuanpaygroup.com\/sk\/wp-json\/wp\/v2\/pages\/2965\/revisions\/13785"}],"wp:attachment":[{"href":"https:\/\/yuanpaygroup.com\/sk\/wp-json\/wp\/v2\/media?parent=2965"}],"curies":[{"name":"wp","href":"https:\/\/api.w.org\/{rel}","templated":true}]}}