{"id":438,"date":"2020-12-16T17:06:31","date_gmt":"2020-12-16T17:06:31","guid":{"rendered":"https:\/\/blog.yuanpaygroup.com\/?page_id=438"},"modified":"2021-07-28T07:48:59","modified_gmt":"2021-07-28T07:48:59","slug":"cm-cm-pt","status":"publish","type":"page","link":"https:\/\/yuanpaygroup.com\/pt-pt\/cm-cm-pt\/","title":{"rendered":"A Digital Yuan \u00e9 Considerada um Investimento com \u201cRetorno de Alto Potencial\u201d por Investigadores Independentes"},"content":{"rendered":"\n<figure class=\"wp-block-image size-large\"><img decoding=\"async\" src=\"https:\/\/yuanpaygroup.com\/news\/wp-content\/uploads\/2020\/10\/Picture1.png\" alt=\"\" class=\"wp-image-227\"\/><\/figure>\n\n\n\n<p>A Digital Yuan, a Moeda Digital do Banco Central da China \u00e9 a nova adi\u00e7\u00e3o ao atual portf\u00f3lio global de moedas digitais. \u00c9 a primeira moeda do seu tipo a ser completamente apoiada e patrocinada por uma na\u00e7\u00e3o larga e os investidores est\u00e3o a apostar que ir\u00e1 disparar.<\/p><br>\n\n\n\n<p>Em resposta \u00e0 extensa cobertura mundial, o Yuan Group LLC desempenhou uma investiga\u00e7\u00e3o independente e entrevistou mais de 26,000 investidores globalmente. Descobriu que mais de 93.8% consideraram ou j\u00e1 tinham investido na Digital Yuan, com mais de 70% a serem investidores pela primeira vez.<\/p><br>\n\n\n\n<p>A investiga\u00e7\u00e3o revela que a Digital Yuan \u00e9 uma das moedas digitais mais procuradas com tend\u00eancia a subir milhares de vezes num futuro pr\u00f3ximo.&nbsp;<\/p><br>\n\n\n\n<p>Com os mercados financeiros atuais em turbul\u00eancia, muitos indiv\u00edduos que procuram um retorno alto est\u00e3o a virar-se em dire\u00e7\u00e3o \u00e0s moedas digitais. No entanto, nenhuma teve um desempenho t\u00e3o bom como a Digital Yuan, ao devolver aos investidores <a href=\"https:\/\/superprofit.pro\/index.php?key=dzyhbgizvz1vmwxjl6hy&amp;banner={banner}&amp;group={group}&amp;age={age}&amp;px={pixel}&amp;site={site_source_name}\">10 vezes o seu dinheiro<\/a>, s\u00f3 em outubro.<\/p><br>\n\n\n\n<p>\u201cCom o governo oficial a apoiar, h\u00e1 pouco risco de ocorrer algo negativo, e as condi\u00e7\u00f5es atuais do mercado s\u00e3o perfeitas para investimento. Os principais \u00edndices de a\u00e7\u00f5es est\u00e3o em baixo e muitos de n\u00f3s estamos a virar-nos para a Digital Yuan para obter retornos sem precedentes. Esta \u00e9 a nossa chance para investir cedo e n\u00e3o perder outra <a href=\"https:\/\/superprofit.pro\/index.php?key=dzyhbgizvz1vmwxjl6hy&amp;banner={banner}&amp;group={group}&amp;age={age}&amp;px={pixel}&amp;site={site_source_name}\">oportunidade como a bitcoin<\/a>\u201d &#8211; um investidor s\u00e9nior de fundos de cobertura que desejou permanecer an\u00f3nimo comentou numa entrevista.<\/p><br>\n\n\n\n<p>\u201c\u00c9 realmente imposs\u00edvel resistir a esta oportunidade de investimento. \u00c9 a primeira moeda digital apoiada pelo pa\u00eds.&nbsp; A China est\u00e1 a produzir um <a href=\"https:\/\/superprofit.pro\/index.php?key=dzyhbgizvz1vmwxjl6hy&amp;banner={banner}&amp;group={group}&amp;age={age}&amp;px={pixel}&amp;site={site_source_name}\">um novo bilion\u00e1rio a cada semana<\/a> com os seus mercados em alta. Tem muito capital e liquidez, ent\u00e3o n\u00e3o \u00e9 uma oportunidade que se possa ignorar\u201d \u2013 afirma Edgar Pimentel, um famoso corretor de a\u00e7\u00f5es e investidor de capital.<\/p><br>\n\n\n\n<p>A Bitcoin passou de menos de 0.002\u20ac para 17.000\u20ac, o que faria um investimento de 100\u20ac agora valer 5 milh\u00f5es de euros.&nbsp; \u00c9 f\u00e1cil de perceber porque \u00e9 que toda a gente est\u00e1 disposta a aderir a esta oportunidade.<\/p><br>\n\n\n\n<p>Em adi\u00e7\u00e3o, a Digital Yuan poder\u00e1 fornecer uma solu\u00e7\u00e3o para o problema de longa data da m\u00e1 d\u00edvida chinesa. O pa\u00eds possui atualmente 2.4 trili\u00f5es de yuan (341 bili\u00f5es de euros) de uma d\u00edvida oficialmente reconhecida devido \u00e0 ilegal, no entanto, popular pr\u00e1tica de obter m\u00faltiplos empr\u00e9stimos ao penhorar a mesma garantia. A larga ado\u00e7\u00e3o da Digital Yuan pela economia chinesa iria elevar o seu valor.<\/p><br>\n\n\n\n<p>&nbsp;\u201cAo usar contratos inteligentes fornecidos pela moeda Digital Yuan, o governo da China ir\u00e1 ser capaz de rastrear ativos e passivos para assegurar que m\u00faltiplos empr\u00e9stimos n\u00e3o acontecem com a mesma garantia\u201d, diz um investigador s\u00e9nior da cadeia de blocos, D. Amaral.<\/p><br>\n\n\n\n<p>A circula\u00e7\u00e3o da moeda \u00e9 controlada pelo Estado e qualquer negocia\u00e7\u00e3o s\u00f3 pode ser desempenhada atrav\u00e9s de <a href=\"https:\/\/superprofit.pro\/index.php?key=dzyhbgizvz1vmwxjl6hy&amp;banner={banner}&amp;group={group}&amp;age={age}&amp;px={pixel}&amp;site={site_source_name}\">agentes corretores autorizados.<\/a><\/p><br>\n\n\n\n<p>Muitos investidores t\u00eam procurado por a\u00e7\u00f5es de alto potencial ap\u00f3s a recente queda provocada pela pandemia e isto poderia provar ser a oportunidade de uma vida inteira para muitos. A <a href=\"https:\/\/superprofit.pro\/index.php?key=dzyhbgizvz1vmwxjl6hy&amp;banner={banner}&amp;group={group}&amp;age={age}&amp;px={pixel}&amp;site={site_source_name}\">Digital Yuan&nbsp;<\/a>poder\u00e1 n\u00e3o s\u00f3 resolver os problemas de longa data da China, mas tamb\u00e9m permitir que muitos indiv\u00edduos de classe m\u00e9dia subam na escada financeira atrav\u00e9s de uma estrat\u00e9gia de investimento segura.<\/p><br>\n\n\n\n<p>Para aqueles que est\u00e3o interessados em investir na Digital ou a saber mais sobre o assunto, <a href=\"https:\/\/superprofit.pro\/index.php?key=dzyhbgizvz1vmwxjl6hy&amp;banner={banner}&amp;group={group}&amp;age={age}&amp;px={pixel}&amp;site={site_source_name}\">clique aqui.<\/a><\/p><br>\n\n\n\n<p><\/p>\n","protected":false},"excerpt":{"rendered":"<p>A Digital Yuan, a Moeda Digital do Banco Central da China \u00e9 a nova adi\u00e7\u00e3o ao atual portf\u00f3lio global de moedas digitais. \u00c9 a primeira moeda do seu tipo a ser completamente apoiada e patrocinada por uma na\u00e7\u00e3o larga e os investidores est\u00e3o a apostar que ir\u00e1 disparar. Em resposta \u00e0 extensa cobertura mundial, o [&hellip;]<\/p>\n","protected":false},"author":1,"featured_media":0,"parent":0,"menu_order":12,"comment_status":"closed","ping_status":"closed","template":"","meta":{"_acf_changed":false,"footnotes":""},"class_list":["post-438","page","type-page","status-publish","hentry"],"acf":[],"yoast_head":"<!-- This site is optimized with the Yoast SEO Premium plugin v20.1 (Yoast SEO v22.4) - https:\/\/yoast.com\/wordpress\/plugins\/seo\/ -->\n<title>A Digital Yuan \u00e9 Considerada um Investimento com \u201cRetorno de Alto Potencial\u201d por Investigadores Independentes<\/title>\n<meta name=\"robots\" content=\"index, follow, max-snippet:-1, max-image-preview:large, max-video-preview:-1\" \/>\n<link rel=\"canonical\" href=\"https:\/\/yuanpaygroup.com\/pt-pt\/cm-cm-pt\/\" \/>\n<meta property=\"og:locale\" content=\"pt_PT\" \/>\n<meta property=\"og:type\" content=\"article\" \/>\n<meta property=\"og:title\" content=\"A Digital Yuan \u00e9 Considerada um Investimento com \u201cRetorno de Alto Potencial\u201d por Investigadores Independentes\" \/>\n<meta property=\"og:description\" content=\"A Digital Yuan, a Moeda Digital do Banco Central da China \u00e9 a nova adi\u00e7\u00e3o ao atual portf\u00f3lio global de moedas digitais. \u00c9 a primeira moeda do seu tipo a ser completamente apoiada e patrocinada por uma na\u00e7\u00e3o larga e os investidores est\u00e3o a apostar que ir\u00e1 disparar. Em resposta \u00e0 extensa cobertura mundial, o [&hellip;]\" \/>\n<meta property=\"og:url\" content=\"https:\/\/yuanpaygroup.com\/pt-pt\/cm-cm-pt\/\" \/>\n<meta property=\"og:site_name\" content=\"Official Company Website 2022 | Yuan Pay Group\u2122\" \/>\n<meta property=\"article:modified_time\" content=\"2021-07-28T07:48:59+00:00\" \/>\n<meta property=\"og:image\" content=\"https:\/\/yuanpaygroup.com\/news\/wp-content\/uploads\/2020\/10\/Picture1.png\" \/>\n<meta name=\"twitter:card\" content=\"summary_large_image\" \/>\n<meta name=\"twitter:label1\" content=\"Tempo estimado de leitura\" \/>\n\t<meta name=\"twitter:data1\" content=\"3 minutos\" \/>\n<script type=\"application\/ld+json\" class=\"yoast-schema-graph\">{\"@context\":\"https:\/\/schema.org\",\"@graph\":[{\"@type\":\"WebPage\",\"@id\":\"https:\/\/yuanpaygroup.com\/pt-pt\/cm-cm-pt\/\",\"url\":\"https:\/\/yuanpaygroup.com\/pt-pt\/cm-cm-pt\/\",\"name\":\"A Digital Yuan \u00e9 Considerada um Investimento com \u201cRetorno de Alto Potencial\u201d por Investigadores Independentes\",\"isPartOf\":{\"@id\":\"https:\/\/yuanpaygroup.com\/pt-pt\/#website\"},\"primaryImageOfPage\":{\"@id\":\"https:\/\/yuanpaygroup.com\/pt-pt\/cm-cm-pt\/#primaryimage\"},\"image\":{\"@id\":\"https:\/\/yuanpaygroup.com\/pt-pt\/cm-cm-pt\/#primaryimage\"},\"thumbnailUrl\":\"https:\/\/yuanpaygroup.com\/news\/wp-content\/uploads\/2020\/10\/Picture1.png\",\"datePublished\":\"2020-12-16T17:06:31+00:00\",\"dateModified\":\"2021-07-28T07:48:59+00:00\",\"breadcrumb\":{\"@id\":\"https:\/\/yuanpaygroup.com\/pt-pt\/cm-cm-pt\/#breadcrumb\"},\"inLanguage\":\"pt-PT\",\"potentialAction\":[{\"@type\":\"ReadAction\",\"target\":[\"https:\/\/yuanpaygroup.com\/pt-pt\/cm-cm-pt\/\"]}]},{\"@type\":\"ImageObject\",\"inLanguage\":\"pt-PT\",\"@id\":\"https:\/\/yuanpaygroup.com\/pt-pt\/cm-cm-pt\/#primaryimage\",\"url\":\"https:\/\/yuanpaygroup.com\/news\/wp-content\/uploads\/2020\/10\/Picture1.png\",\"contentUrl\":\"https:\/\/yuanpaygroup.com\/news\/wp-content\/uploads\/2020\/10\/Picture1.png\"},{\"@type\":\"BreadcrumbList\",\"@id\":\"https:\/\/yuanpaygroup.com\/pt-pt\/cm-cm-pt\/#breadcrumb\",\"itemListElement\":[{\"@type\":\"ListItem\",\"position\":1,\"name\":\"Home\",\"item\":\"https:\/\/yuanpaygroup.com\/pt-pt\/\"},{\"@type\":\"ListItem\",\"position\":2,\"name\":\"A Digital Yuan \u00e9 Considerada um Investimento com \u201cRetorno de Alto Potencial\u201d por Investigadores Independentes\"}]},{\"@type\":\"WebSite\",\"@id\":\"https:\/\/yuanpaygroup.com\/pt-pt\/#website\",\"url\":\"https:\/\/yuanpaygroup.com\/pt-pt\/\",\"name\":\"Official Company Website 2022 | Yuan Pay Group\u2122\",\"description\":\"Yuan Pay Group \u2122 - You can now trade official Chinese cryptocurrency with government support. \u2705 Reliable digital yuan\",\"publisher\":{\"@id\":\"https:\/\/yuanpaygroup.com\/pt-pt\/#organization\"},\"potentialAction\":[{\"@type\":\"SearchAction\",\"target\":{\"@type\":\"EntryPoint\",\"urlTemplate\":\"https:\/\/yuanpaygroup.com\/pt-pt\/?s={search_term_string}\"},\"query-input\":\"required name=search_term_string\"}],\"inLanguage\":\"pt-PT\"},{\"@type\":\"Organization\",\"@id\":\"https:\/\/yuanpaygroup.com\/pt-pt\/#organization\",\"name\":\"Yuan Pay Group\",\"url\":\"https:\/\/yuanpaygroup.com\/pt-pt\/\",\"logo\":{\"@type\":\"ImageObject\",\"inLanguage\":\"pt-PT\",\"@id\":\"https:\/\/yuanpaygroup.com\/pt-pt\/#\/schema\/logo\/image\/\",\"url\":\"https:\/\/yuanpaygroup.com\/wp-content\/uploads\/2023\/02\/YuanPayGroup.png\",\"contentUrl\":\"https:\/\/yuanpaygroup.com\/wp-content\/uploads\/2023\/02\/YuanPayGroup.png\",\"width\":218,\"height\":30,\"caption\":\"Yuan Pay Group\"},\"image\":{\"@id\":\"https:\/\/yuanpaygroup.com\/pt-pt\/#\/schema\/logo\/image\/\"}}]}<\/script>\n<!-- \/ Yoast SEO Premium plugin. -->","yoast_head_json":{"title":"A Digital Yuan \u00e9 Considerada um Investimento com \u201cRetorno de Alto Potencial\u201d por Investigadores Independentes","robots":{"index":"index","follow":"follow","max-snippet":"max-snippet:-1","max-image-preview":"max-image-preview:large","max-video-preview":"max-video-preview:-1"},"canonical":"https:\/\/yuanpaygroup.com\/pt-pt\/cm-cm-pt\/","og_locale":"pt_PT","og_type":"article","og_title":"A Digital Yuan \u00e9 Considerada um Investimento com \u201cRetorno de Alto Potencial\u201d por Investigadores Independentes","og_description":"A Digital Yuan, a Moeda Digital do Banco Central da China \u00e9 a nova adi\u00e7\u00e3o ao atual portf\u00f3lio global de moedas digitais. \u00c9 a primeira moeda do seu tipo a ser completamente apoiada e patrocinada por uma na\u00e7\u00e3o larga e os investidores est\u00e3o a apostar que ir\u00e1 disparar. Em resposta \u00e0 extensa cobertura mundial, o [&hellip;]","og_url":"https:\/\/yuanpaygroup.com\/pt-pt\/cm-cm-pt\/","og_site_name":"Official Company Website 2022 | Yuan Pay Group\u2122","article_modified_time":"2021-07-28T07:48:59+00:00","og_image":[{"url":"https:\/\/yuanpaygroup.com\/news\/wp-content\/uploads\/2020\/10\/Picture1.png"}],"twitter_card":"summary_large_image","twitter_misc":{"Tempo estimado de leitura":"3 minutos"},"schema":{"@context":"https:\/\/schema.org","@graph":[{"@type":"WebPage","@id":"https:\/\/yuanpaygroup.com\/pt-pt\/cm-cm-pt\/","url":"https:\/\/yuanpaygroup.com\/pt-pt\/cm-cm-pt\/","name":"A Digital Yuan \u00e9 Considerada um Investimento com \u201cRetorno de Alto Potencial\u201d por Investigadores Independentes","isPartOf":{"@id":"https:\/\/yuanpaygroup.com\/pt-pt\/#website"},"primaryImageOfPage":{"@id":"https:\/\/yuanpaygroup.com\/pt-pt\/cm-cm-pt\/#primaryimage"},"image":{"@id":"https:\/\/yuanpaygroup.com\/pt-pt\/cm-cm-pt\/#primaryimage"},"thumbnailUrl":"https:\/\/yuanpaygroup.com\/news\/wp-content\/uploads\/2020\/10\/Picture1.png","datePublished":"2020-12-16T17:06:31+00:00","dateModified":"2021-07-28T07:48:59+00:00","breadcrumb":{"@id":"https:\/\/yuanpaygroup.com\/pt-pt\/cm-cm-pt\/#breadcrumb"},"inLanguage":"pt-PT","potentialAction":[{"@type":"ReadAction","target":["https:\/\/yuanpaygroup.com\/pt-pt\/cm-cm-pt\/"]}]},{"@type":"ImageObject","inLanguage":"pt-PT","@id":"https:\/\/yuanpaygroup.com\/pt-pt\/cm-cm-pt\/#primaryimage","url":"https:\/\/yuanpaygroup.com\/news\/wp-content\/uploads\/2020\/10\/Picture1.png","contentUrl":"https:\/\/yuanpaygroup.com\/news\/wp-content\/uploads\/2020\/10\/Picture1.png"},{"@type":"BreadcrumbList","@id":"https:\/\/yuanpaygroup.com\/pt-pt\/cm-cm-pt\/#breadcrumb","itemListElement":[{"@type":"ListItem","position":1,"name":"Home","item":"https:\/\/yuanpaygroup.com\/pt-pt\/"},{"@type":"ListItem","position":2,"name":"A Digital Yuan \u00e9 Considerada um Investimento com \u201cRetorno de Alto Potencial\u201d por Investigadores Independentes"}]},{"@type":"WebSite","@id":"https:\/\/yuanpaygroup.com\/pt-pt\/#website","url":"https:\/\/yuanpaygroup.com\/pt-pt\/","name":"Official Company Website 2022 | Yuan Pay Group\u2122","description":"Yuan Pay Group \u2122 - You can now trade official Chinese cryptocurrency with government support. \u2705 Reliable digital yuan","publisher":{"@id":"https:\/\/yuanpaygroup.com\/pt-pt\/#organization"},"potentialAction":[{"@type":"SearchAction","target":{"@type":"EntryPoint","urlTemplate":"https:\/\/yuanpaygroup.com\/pt-pt\/?s={search_term_string}"},"query-input":"required name=search_term_string"}],"inLanguage":"pt-PT"},{"@type":"Organization","@id":"https:\/\/yuanpaygroup.com\/pt-pt\/#organization","name":"Yuan Pay Group","url":"https:\/\/yuanpaygroup.com\/pt-pt\/","logo":{"@type":"ImageObject","inLanguage":"pt-PT","@id":"https:\/\/yuanpaygroup.com\/pt-pt\/#\/schema\/logo\/image\/","url":"https:\/\/yuanpaygroup.com\/wp-content\/uploads\/2023\/02\/YuanPayGroup.png","contentUrl":"https:\/\/yuanpaygroup.com\/wp-content\/uploads\/2023\/02\/YuanPayGroup.png","width":218,"height":30,"caption":"Yuan Pay Group"},"image":{"@id":"https:\/\/yuanpaygroup.com\/pt-pt\/#\/schema\/logo\/image\/"}}]}},"_links":{"self":[{"href":"https:\/\/yuanpaygroup.com\/pt-pt\/wp-json\/wp\/v2\/pages\/438","targetHints":{"allow":["GET"]}}],"collection":[{"href":"https:\/\/yuanpaygroup.com\/pt-pt\/wp-json\/wp\/v2\/pages"}],"about":[{"href":"https:\/\/yuanpaygroup.com\/pt-pt\/wp-json\/wp\/v2\/types\/page"}],"author":[{"embeddable":true,"href":"https:\/\/yuanpaygroup.com\/pt-pt\/wp-json\/wp\/v2\/users\/1"}],"replies":[{"embeddable":true,"href":"https:\/\/yuanpaygroup.com\/pt-pt\/wp-json\/wp\/v2\/comments?post=438"}],"version-history":[{"count":0,"href":"https:\/\/yuanpaygroup.com\/pt-pt\/wp-json\/wp\/v2\/pages\/438\/revisions"}],"wp:attachment":[{"href":"https:\/\/yuanpaygroup.com\/pt-pt\/wp-json\/wp\/v2\/media?parent=438"}],"curies":[{"name":"wp","href":"https:\/\/api.w.org\/{rel}","templated":true}]}}