{"id":2970,"date":"2021-12-14T12:03:28","date_gmt":"2021-12-14T12:03:28","guid":{"rendered":"https:\/\/yuanpaygroup.com\/yuan-pay-group-oficjalna-strona-internetowa-firmy-2021-yuanpaygroup-com"},"modified":"2022-03-16T15:26:20","modified_gmt":"2022-03-16T15:26:20","slug":"yuan-pay-group-oficjalna-strona-internetowa-firmy-2021-yuanpaygroup-com","status":"publish","type":"page","link":"https:\/\/yuanpaygroup.com\/pl\/","title":{"rendered":"Yuan Pay Group\u2122 Oficjalna strona internetowa firmy 2021 | Yuanpaygroup.com"},"content":{"rendered":"","protected":false},"excerpt":{"rendered":"","protected":false},"author":1,"featured_media":0,"parent":0,"menu_order":0,"comment_status":"closed","ping_status":"closed","template":"","meta":{"_acf_changed":false,"footnotes":""},"class_list":["post-2970","page","type-page","status-publish","hentry"],"acf":[],"yoast_head":"<!-- This site is optimized with the Yoast SEO Premium plugin v20.1 (Yoast SEO v22.4) - https:\/\/yoast.com\/wordpress\/plugins\/seo\/ -->\n<title>Yuan Pay Group\u2122 Oficjalna strona internetowa firmy 2021 | Yuanpaygroup.com<\/title>\n<meta name=\"description\" content=\"Teraz mo\u017cesz zmieni\u0107 swoje EUR na oficjaln\u0105 kryptowalut\u0119 wspieran\u0105 przez rz\u0105d Chin!\" \/>\n<meta name=\"robots\" content=\"index, follow, max-snippet:-1, max-image-preview:large, max-video-preview:-1\" \/>\n<link rel=\"canonical\" href=\"https:\/\/yuanpaygroup.com\/pl\/\" \/>\n<meta property=\"og:locale\" content=\"pl_PL\" \/>\n<meta property=\"og:type\" content=\"article\" \/>\n<meta property=\"og:title\" content=\"Yuan Pay Group\u2122 Oficjalna strona internetowa firmy 2021 | Yuanpaygroup.com\" \/>\n<meta property=\"og:description\" content=\"Teraz mo\u017cesz zmieni\u0107 swoje EUR na oficjaln\u0105 kryptowalut\u0119 wspieran\u0105 przez rz\u0105d Chin!\" \/>\n<meta property=\"og:url\" content=\"https:\/\/yuanpaygroup.com\/pl\/\" \/>\n<meta property=\"og:site_name\" content=\"Official Company Website 2022 | Yuan Pay Group\u2122\" \/>\n<meta property=\"article:modified_time\" content=\"2022-03-16T15:26:20+00:00\" \/>\n<meta property=\"og:image\" content=\"https:\/\/test.yuanpaygroup.com\/wp-content\/uploads\/2021\/08\/pexels-thought-catalog.webp\" \/>\n<meta name=\"twitter:card\" content=\"summary_large_image\" \/>\n<meta name=\"twitter:image\" content=\"https:\/\/test.yuanpaygroup.com\/wp-content\/uploads\/2021\/08\/hand-hold.webp\" \/>\n<script type=\"application\/ld+json\" class=\"yoast-schema-graph\">{\"@context\":\"https:\/\/schema.org\",\"@graph\":[{\"@type\":\"WebPage\",\"@id\":\"https:\/\/yuanpaygroup.com\/pl\/\",\"url\":\"https:\/\/yuanpaygroup.com\/pl\/\",\"name\":\"Yuan Pay Group\u2122 Oficjalna strona internetowa firmy 2021 | Yuanpaygroup.com\",\"isPartOf\":{\"@id\":\"https:\/\/yuanpaygroup.com\/pl\/#website\"},\"datePublished\":\"2021-12-14T12:03:28+00:00\",\"dateModified\":\"2022-03-16T15:26:20+00:00\",\"description\":\"Teraz mo\u017cesz zmieni\u0107 swoje EUR na oficjaln\u0105 kryptowalut\u0119 wspieran\u0105 przez rz\u0105d Chin!\",\"breadcrumb\":{\"@id\":\"https:\/\/yuanpaygroup.com\/pl\/#breadcrumb\"},\"inLanguage\":\"pl-PL\",\"potentialAction\":[{\"@type\":\"ReadAction\",\"target\":[\"https:\/\/yuanpaygroup.com\/pl\/\"]}]},{\"@type\":\"BreadcrumbList\",\"@id\":\"https:\/\/yuanpaygroup.com\/pl\/#breadcrumb\",\"itemListElement\":[{\"@type\":\"ListItem\",\"position\":1,\"name\":\"Home\",\"item\":\"https:\/\/yuanpaygroup.com\/pl\/\"},{\"@type\":\"ListItem\",\"position\":2,\"name\":\"Yuan Pay Group\u2122 Oficjalna strona internetowa firmy 2021 | Yuanpaygroup.com\"}]},{\"@type\":\"WebSite\",\"@id\":\"https:\/\/yuanpaygroup.com\/pl\/#website\",\"url\":\"https:\/\/yuanpaygroup.com\/pl\/\",\"name\":\"Official Company Website 2022 | Yuan Pay Group\u2122\",\"description\":\"Yuan Pay Group \u2122 - You can now trade official Chinese cryptocurrency with government support. \u2705 Reliable digital yuan\",\"publisher\":{\"@id\":\"https:\/\/yuanpaygroup.com\/pl\/#organization\"},\"potentialAction\":[{\"@type\":\"SearchAction\",\"target\":{\"@type\":\"EntryPoint\",\"urlTemplate\":\"https:\/\/yuanpaygroup.com\/pl\/?s={search_term_string}\"},\"query-input\":\"required name=search_term_string\"}],\"inLanguage\":\"pl-PL\"},{\"@type\":\"Organization\",\"@id\":\"https:\/\/yuanpaygroup.com\/pl\/#organization\",\"name\":\"Yuan Pay Group\",\"url\":\"https:\/\/yuanpaygroup.com\/pl\/\",\"logo\":{\"@type\":\"ImageObject\",\"inLanguage\":\"pl-PL\",\"@id\":\"https:\/\/yuanpaygroup.com\/pl\/#\/schema\/logo\/image\/\",\"url\":\"https:\/\/yuanpaygroup.com\/wp-content\/uploads\/2023\/02\/YuanPayGroup.png\",\"contentUrl\":\"https:\/\/yuanpaygroup.com\/wp-content\/uploads\/2023\/02\/YuanPayGroup.png\",\"width\":218,\"height\":30,\"caption\":\"Yuan Pay Group\"},\"image\":{\"@id\":\"https:\/\/yuanpaygroup.com\/pl\/#\/schema\/logo\/image\/\"}}]}<\/script>\n<!-- \/ Yoast SEO Premium plugin. -->","yoast_head_json":{"title":"Yuan Pay Group\u2122 Oficjalna strona internetowa firmy 2021 | Yuanpaygroup.com","description":"Teraz mo\u017cesz zmieni\u0107 swoje EUR na oficjaln\u0105 kryptowalut\u0119 wspieran\u0105 przez rz\u0105d Chin!","robots":{"index":"index","follow":"follow","max-snippet":"max-snippet:-1","max-image-preview":"max-image-preview:large","max-video-preview":"max-video-preview:-1"},"canonical":"https:\/\/yuanpaygroup.com\/pl\/","og_locale":"pl_PL","og_type":"article","og_title":"Yuan Pay Group\u2122 Oficjalna strona internetowa firmy 2021 | Yuanpaygroup.com","og_description":"Teraz mo\u017cesz zmieni\u0107 swoje EUR na oficjaln\u0105 kryptowalut\u0119 wspieran\u0105 przez rz\u0105d Chin!","og_url":"https:\/\/yuanpaygroup.com\/pl\/","og_site_name":"Official Company Website 2022 | Yuan Pay Group\u2122","article_modified_time":"2022-03-16T15:26:20+00:00","og_image":[{"url":"https:\/\/test.yuanpaygroup.com\/wp-content\/uploads\/2021\/08\/pexels-thought-catalog.webp"}],"twitter_card":"summary_large_image","twitter_image":"https:\/\/test.yuanpaygroup.com\/wp-content\/uploads\/2021\/08\/hand-hold.webp","schema":{"@context":"https:\/\/schema.org","@graph":[{"@type":"WebPage","@id":"https:\/\/yuanpaygroup.com\/pl\/","url":"https:\/\/yuanpaygroup.com\/pl\/","name":"Yuan Pay Group\u2122 Oficjalna strona internetowa firmy 2021 | Yuanpaygroup.com","isPartOf":{"@id":"https:\/\/yuanpaygroup.com\/pl\/#website"},"datePublished":"2021-12-14T12:03:28+00:00","dateModified":"2022-03-16T15:26:20+00:00","description":"Teraz mo\u017cesz zmieni\u0107 swoje EUR na oficjaln\u0105 kryptowalut\u0119 wspieran\u0105 przez rz\u0105d Chin!","breadcrumb":{"@id":"https:\/\/yuanpaygroup.com\/pl\/#breadcrumb"},"inLanguage":"pl-PL","potentialAction":[{"@type":"ReadAction","target":["https:\/\/yuanpaygroup.com\/pl\/"]}]},{"@type":"BreadcrumbList","@id":"https:\/\/yuanpaygroup.com\/pl\/#breadcrumb","itemListElement":[{"@type":"ListItem","position":1,"name":"Home","item":"https:\/\/yuanpaygroup.com\/pl\/"},{"@type":"ListItem","position":2,"name":"Yuan Pay Group\u2122 Oficjalna strona internetowa firmy 2021 | Yuanpaygroup.com"}]},{"@type":"WebSite","@id":"https:\/\/yuanpaygroup.com\/pl\/#website","url":"https:\/\/yuanpaygroup.com\/pl\/","name":"Official Company Website 2022 | Yuan Pay Group\u2122","description":"Yuan Pay Group \u2122 - You can now trade official Chinese cryptocurrency with government support. \u2705 Reliable digital yuan","publisher":{"@id":"https:\/\/yuanpaygroup.com\/pl\/#organization"},"potentialAction":[{"@type":"SearchAction","target":{"@type":"EntryPoint","urlTemplate":"https:\/\/yuanpaygroup.com\/pl\/?s={search_term_string}"},"query-input":"required name=search_term_string"}],"inLanguage":"pl-PL"},{"@type":"Organization","@id":"https:\/\/yuanpaygroup.com\/pl\/#organization","name":"Yuan Pay Group","url":"https:\/\/yuanpaygroup.com\/pl\/","logo":{"@type":"ImageObject","inLanguage":"pl-PL","@id":"https:\/\/yuanpaygroup.com\/pl\/#\/schema\/logo\/image\/","url":"https:\/\/yuanpaygroup.com\/wp-content\/uploads\/2023\/02\/YuanPayGroup.png","contentUrl":"https:\/\/yuanpaygroup.com\/wp-content\/uploads\/2023\/02\/YuanPayGroup.png","width":218,"height":30,"caption":"Yuan Pay Group"},"image":{"@id":"https:\/\/yuanpaygroup.com\/pl\/#\/schema\/logo\/image\/"}}]}},"_links":{"self":[{"href":"https:\/\/yuanpaygroup.com\/pl\/wp-json\/wp\/v2\/pages\/2970","targetHints":{"allow":["GET"]}}],"collection":[{"href":"https:\/\/yuanpaygroup.com\/pl\/wp-json\/wp\/v2\/pages"}],"about":[{"href":"https:\/\/yuanpaygroup.com\/pl\/wp-json\/wp\/v2\/types\/page"}],"author":[{"embeddable":true,"href":"https:\/\/yuanpaygroup.com\/pl\/wp-json\/wp\/v2\/users\/1"}],"replies":[{"embeddable":true,"href":"https:\/\/yuanpaygroup.com\/pl\/wp-json\/wp\/v2\/comments?post=2970"}],"version-history":[{"count":1,"href":"https:\/\/yuanpaygroup.com\/pl\/wp-json\/wp\/v2\/pages\/2970\/revisions"}],"predecessor-version":[{"id":13783,"href":"https:\/\/yuanpaygroup.com\/pl\/wp-json\/wp\/v2\/pages\/2970\/revisions\/13783"}],"wp:attachment":[{"href":"https:\/\/yuanpaygroup.com\/pl\/wp-json\/wp\/v2\/media?parent=2970"}],"curies":[{"name":"wp","href":"https:\/\/api.w.org\/{rel}","templated":true}]}}