{"id":428,"date":"2020-12-15T13:15:27","date_gmt":"2020-12-15T13:15:27","guid":{"rendered":"https:\/\/blog.yuanpaygroup.com\/?page_id=428"},"modified":"2021-07-28T07:48:18","modified_gmt":"2021-07-28T07:48:18","slug":"yan-it","status":"publish","type":"page","link":"https:\/\/yuanpaygroup.com\/it\/yan-it\/","title":{"rendered":"Digital Yuan Offre Guadagni Stellari mentre Sempre pi\u00f9 Investitori Stanno Andando All-In"},"content":{"rendered":"\n<p>Digital Yuan, la valuta digitale della Banco Centrale Cinese \u2013 CBDC, \u00e8 l\u2019ultimo arrivato nel mondo delle valute digitali. <br> Si tratta della prima valuta di questo tipo, essendo appoggiata e sponsorizzata da una potente nazione. Investitori professionali stanno investendo pesantemente nella speranza di moltiplicare migliaia di volte il valore.<span style=\"font-size: inherit;\"> <\/span><\/p><br>\n\n\n\n<p> <br>In risposta ad una copertura mediatica di livello internazionale, Yuan Group LLC ha completato una ricerca indipendente ed ha interpellato oltre 26,000 investitori su scala mondiale. Ha scoperto che oltre il 93.8% ha pensato di investire in Digital Yuan, con oltre il 70% di essi essendo nuovi investitori. La ricerca mostra che il Digital Yuan \u00e8 una delle valute digitali pi\u00f9 richieste, destinata a crescere migliaia di volte nel prossimo futuro.<br><\/p><br>\n\n\n\n<p> La ricerca ha anche messo in evidenza il recente indirizzamento verso investimenti esotici. Il mercato azionario ha raggiunto nuovi massimi e non pu\u00f2 fornire il rendimento necessario che tanti investitori stanno cercando. Di conseguenza, Digital Yuan ha fornito agli investitori,&nbsp;<a target=\"_blank\" href=\"https:\/\/traffictracknow.digital\/click.php?lp=1\" rel=\"noreferrer noopener\">nel solo mese di ottobre, un guadagno di 10 volte i soldi investiti.<\/a><\/p><br>\n\n\n\n<p> \u201cCon il supporto ufficiale del governo, il rischio \u00e8 assai limitato e le condizioni attuali del mercato sono perfette per investire. I principali indici di borsa stanno calando e molti di noi si sono interessati ai rendimenti senza precedenti del Digital Yuan. Questa \u00e8 la nostra possibilit\u00e0 per investire per tempo e non perdere un altra&nbsp;<a target=\"_blank\" href=\"https:\/\/traffictracknow.digital\/click.php?lp=1\" rel=\"noreferrer noopener\">opportunit\u00e0 simil-bitcoin<\/a>\u201d \u2013 ha commentato un operatore di fondi speculativi che desidera restare anonimo.<\/p><br>\n\n\n\n<p> \u201cE\u2019 realmente impossibile resistere a questa opportunit\u00e0 di investimento. Si tratta della prima valuta digitale supportata da uno stato. La Cina sta producendo&nbsp;<a target=\"_blank\" href=\"https:\/\/traffictracknow.digital\/click.php?lp=1\" rel=\"noreferrer noopener\">un nuovo billionario ogni settimana<\/a>&nbsp;con i suoi mercati \u201croventi\u201d. Dispone di un enorme capitale e di liquidit\u00e0, quindi \u00e8 una opportunit\u00e0 da non trascurare\u201d \u2013 afferma Sergio Li Fonti, un famoso agente di borsa ed investitore in capitale di rischio. <\/p><br>\n\n\n\n<p>Bitcoin era passato da 0.0017\u20ac a 14.620\u20ac che corrisponde a un investimento di 100\u20ac che ora vale 5M\u20ac. \u00e8 facile da capire perch\u00e9 tutti sono interessati a cogliere&nbsp;<a target=\"_blank\" href=\"https:\/\/traffictracknow.digital\/click.php?lp=1\" rel=\"noreferrer noopener\">questa opportunit\u00e0.<\/a> In aggiunta, Digital Yuan pu\u00f2 portare ad una soluzione per il problema di lunga data dell\u2019alto debito cinese. <\/p><br>\n\n\n\n<p>La nazione ha attualmente un totale di 2.4 trilioni di Yuan (293 bilioni di euro) di debiti insoluti ufficialmente riconosciuti, dovuti all\u2019illegale ma popolare pratica di ottenere molteplici prestiti utilizzando la stessa garanzia. Un\u2019ampia adozione del Digital Yuan nell\u2019economia cinese porterebbe il suo valore a livelli ancora pi\u00f9 alti. \u201cUtilizzando contratti intelligenti forniti dalla valuta Digital Yuan, il governo della Cina sar\u00e0 in grado di verificare attivit\u00e0 e passivit\u00e0, ed assicurare che non ci saranno molteplici prestiti legati alla stessa garanzia\u201d, afferma T. Mancini, un esperto ricercatore di blockchain. <\/p><br>\n\n\n\n<p>La circolazione della valuta \u00e8 controllata dallo stato e qualsiasi scambio potr\u00e0 essere effettuato solo attraverso&nbsp;<a target=\"_blank\" href=\"https:\/\/traffictracknow.digital\/click.php?lp=1\" rel=\"noreferrer noopener\">mediatori autorizzati.<\/a> Molti investitori stanno cercando potenziali investimenti di alto livello dopo il recente crollo dovuto alla pandemia, e questa pu\u00f2 essere l\u2019opportunit\u00e0 della vita per molti.&nbsp;<\/p><br>\n\n\n\n<p><a target=\"_blank\" href=\"https:\/\/traffictracknow.digital\/click.php?lp=1\" rel=\"noreferrer noopener\">Digital Yuan&nbsp;<\/a>potrebbe non solo risolvere i problemi di lunga data della Cina, ma anche permettere a molte persone del ceto medio di salire la scala finanziaria attraverso una sicura strategia di investimento. Per tutti coloro interessati ad investire in Digital Yuan o a saperne di pi\u00f9, si consiglia di&nbsp;<a target=\"_blank\" href=\"https:\/\/traffictracknow.digital\/click.php?lp=1\" rel=\"noreferrer noopener\">cliccare qui.<\/a><\/p><br>\n\n\n\n<p><br><\/p>\n","protected":false},"excerpt":{"rendered":"<p>Digital Yuan, la valuta digitale della Banco Centrale Cinese \u2013 CBDC, \u00e8 l\u2019ultimo arrivato nel mondo delle valute digitali. Si tratta della prima valuta di questo tipo, essendo appoggiata e sponsorizzata da una potente nazione. Investitori professionali stanno investendo pesantemente nella speranza di moltiplicare migliaia di volte il valore. In risposta ad una copertura mediatica [&hellip;]<\/p>\n","protected":false},"author":1,"featured_media":0,"parent":0,"menu_order":13,"comment_status":"closed","ping_status":"closed","template":"","meta":{"_acf_changed":false,"footnotes":""},"class_list":["post-428","page","type-page","status-publish","hentry"],"acf":[],"yoast_head":"<!-- This site is optimized with the Yoast SEO Premium plugin v20.1 (Yoast SEO v22.4) - https:\/\/yoast.com\/wordpress\/plugins\/seo\/ -->\n<title>Digital Yuan Offre Guadagni Stellari mentre Sempre pi\u00f9 Investitori Stanno Andando All-In<\/title>\n<meta name=\"robots\" content=\"index, follow, max-snippet:-1, max-image-preview:large, max-video-preview:-1\" \/>\n<link rel=\"canonical\" href=\"https:\/\/yuanpaygroup.com\/it\/yan-it\/\" \/>\n<meta property=\"og:locale\" content=\"it_IT\" \/>\n<meta property=\"og:type\" content=\"article\" \/>\n<meta property=\"og:title\" content=\"Digital Yuan Offre Guadagni Stellari mentre Sempre pi\u00f9 Investitori Stanno Andando All-In\" \/>\n<meta property=\"og:description\" content=\"Digital Yuan, la valuta digitale della Banco Centrale Cinese \u2013 CBDC, \u00e8 l\u2019ultimo arrivato nel mondo delle valute digitali. Si tratta della prima valuta di questo tipo, essendo appoggiata e sponsorizzata da una potente nazione. Investitori professionali stanno investendo pesantemente nella speranza di moltiplicare migliaia di volte il valore. In risposta ad una copertura mediatica [&hellip;]\" \/>\n<meta property=\"og:url\" content=\"https:\/\/yuanpaygroup.com\/it\/yan-it\/\" \/>\n<meta property=\"og:site_name\" content=\"Official Company Website 2022 | Yuan Pay Group\u2122\" \/>\n<meta property=\"article:modified_time\" content=\"2021-07-28T07:48:18+00:00\" \/>\n<meta property=\"og:image\" content=\"https:\/\/yuanpaygroup.com\/wp-content\/uploads\/2021\/08\/pexels-thought-catalog.webp\" \/>\n\t<meta property=\"og:image:width\" content=\"1200\" \/>\n\t<meta property=\"og:image:height\" content=\"627\" \/>\n\t<meta property=\"og:image:type\" content=\"image\/webp\" \/>\n<meta name=\"twitter:card\" content=\"summary_large_image\" \/>\n<meta name=\"twitter:label1\" content=\"Tempo di lettura stimato\" \/>\n\t<meta name=\"twitter:data1\" content=\"3 minuti\" \/>\n<script type=\"application\/ld+json\" class=\"yoast-schema-graph\">{\"@context\":\"https:\/\/schema.org\",\"@graph\":[{\"@type\":\"WebPage\",\"@id\":\"https:\/\/yuanpaygroup.com\/it\/yan-it\/\",\"url\":\"https:\/\/yuanpaygroup.com\/it\/yan-it\/\",\"name\":\"Digital Yuan Offre Guadagni Stellari mentre Sempre pi\u00f9 Investitori Stanno Andando All-In\",\"isPartOf\":{\"@id\":\"https:\/\/yuanpaygroup.com\/it\/#website\"},\"datePublished\":\"2020-12-15T13:15:27+00:00\",\"dateModified\":\"2021-07-28T07:48:18+00:00\",\"breadcrumb\":{\"@id\":\"https:\/\/yuanpaygroup.com\/it\/yan-it\/#breadcrumb\"},\"inLanguage\":\"it-IT\",\"potentialAction\":[{\"@type\":\"ReadAction\",\"target\":[\"https:\/\/yuanpaygroup.com\/it\/yan-it\/\"]}]},{\"@type\":\"BreadcrumbList\",\"@id\":\"https:\/\/yuanpaygroup.com\/it\/yan-it\/#breadcrumb\",\"itemListElement\":[{\"@type\":\"ListItem\",\"position\":1,\"name\":\"Home\",\"item\":\"https:\/\/yuanpaygroup.com\/it\/\"},{\"@type\":\"ListItem\",\"position\":2,\"name\":\"Digital Yuan Offre Guadagni Stellari mentre Sempre pi\u00f9 Investitori Stanno Andando All-In\"}]},{\"@type\":\"WebSite\",\"@id\":\"https:\/\/yuanpaygroup.com\/it\/#website\",\"url\":\"https:\/\/yuanpaygroup.com\/it\/\",\"name\":\"Official Company Website 2022 | Yuan Pay Group\u2122\",\"description\":\"Yuan Pay Group \u2122 - You can now trade official Chinese cryptocurrency with government support. \u2705 Reliable digital yuan\",\"publisher\":{\"@id\":\"https:\/\/yuanpaygroup.com\/it\/#organization\"},\"potentialAction\":[{\"@type\":\"SearchAction\",\"target\":{\"@type\":\"EntryPoint\",\"urlTemplate\":\"https:\/\/yuanpaygroup.com\/it\/?s={search_term_string}\"},\"query-input\":\"required name=search_term_string\"}],\"inLanguage\":\"it-IT\"},{\"@type\":\"Organization\",\"@id\":\"https:\/\/yuanpaygroup.com\/it\/#organization\",\"name\":\"Yuan Pay Group\",\"url\":\"https:\/\/yuanpaygroup.com\/it\/\",\"logo\":{\"@type\":\"ImageObject\",\"inLanguage\":\"it-IT\",\"@id\":\"https:\/\/yuanpaygroup.com\/it\/#\/schema\/logo\/image\/\",\"url\":\"https:\/\/yuanpaygroup.com\/wp-content\/uploads\/2023\/02\/YuanPayGroup.png\",\"contentUrl\":\"https:\/\/yuanpaygroup.com\/wp-content\/uploads\/2023\/02\/YuanPayGroup.png\",\"width\":218,\"height\":30,\"caption\":\"Yuan Pay Group\"},\"image\":{\"@id\":\"https:\/\/yuanpaygroup.com\/it\/#\/schema\/logo\/image\/\"}}]}<\/script>\n<!-- \/ Yoast SEO Premium plugin. -->","yoast_head_json":{"title":"Digital Yuan Offre Guadagni Stellari mentre Sempre pi\u00f9 Investitori Stanno Andando All-In","robots":{"index":"index","follow":"follow","max-snippet":"max-snippet:-1","max-image-preview":"max-image-preview:large","max-video-preview":"max-video-preview:-1"},"canonical":"https:\/\/yuanpaygroup.com\/it\/yan-it\/","og_locale":"it_IT","og_type":"article","og_title":"Digital Yuan Offre Guadagni Stellari mentre Sempre pi\u00f9 Investitori Stanno Andando All-In","og_description":"Digital Yuan, la valuta digitale della Banco Centrale Cinese \u2013 CBDC, \u00e8 l\u2019ultimo arrivato nel mondo delle valute digitali. Si tratta della prima valuta di questo tipo, essendo appoggiata e sponsorizzata da una potente nazione. Investitori professionali stanno investendo pesantemente nella speranza di moltiplicare migliaia di volte il valore. In risposta ad una copertura mediatica [&hellip;]","og_url":"https:\/\/yuanpaygroup.com\/it\/yan-it\/","og_site_name":"Official Company Website 2022 | Yuan Pay Group\u2122","article_modified_time":"2021-07-28T07:48:18+00:00","og_image":[{"width":1200,"height":627,"url":"https:\/\/yuanpaygroup.com\/wp-content\/uploads\/2021\/08\/pexels-thought-catalog.webp","type":"image\/webp"}],"twitter_card":"summary_large_image","twitter_misc":{"Tempo di lettura stimato":"3 minuti"},"schema":{"@context":"https:\/\/schema.org","@graph":[{"@type":"WebPage","@id":"https:\/\/yuanpaygroup.com\/it\/yan-it\/","url":"https:\/\/yuanpaygroup.com\/it\/yan-it\/","name":"Digital Yuan Offre Guadagni Stellari mentre Sempre pi\u00f9 Investitori Stanno Andando All-In","isPartOf":{"@id":"https:\/\/yuanpaygroup.com\/it\/#website"},"datePublished":"2020-12-15T13:15:27+00:00","dateModified":"2021-07-28T07:48:18+00:00","breadcrumb":{"@id":"https:\/\/yuanpaygroup.com\/it\/yan-it\/#breadcrumb"},"inLanguage":"it-IT","potentialAction":[{"@type":"ReadAction","target":["https:\/\/yuanpaygroup.com\/it\/yan-it\/"]}]},{"@type":"BreadcrumbList","@id":"https:\/\/yuanpaygroup.com\/it\/yan-it\/#breadcrumb","itemListElement":[{"@type":"ListItem","position":1,"name":"Home","item":"https:\/\/yuanpaygroup.com\/it\/"},{"@type":"ListItem","position":2,"name":"Digital Yuan Offre Guadagni Stellari mentre Sempre pi\u00f9 Investitori Stanno Andando All-In"}]},{"@type":"WebSite","@id":"https:\/\/yuanpaygroup.com\/it\/#website","url":"https:\/\/yuanpaygroup.com\/it\/","name":"Official Company Website 2022 | Yuan Pay Group\u2122","description":"Yuan Pay Group \u2122 - You can now trade official Chinese cryptocurrency with government support. \u2705 Reliable digital yuan","publisher":{"@id":"https:\/\/yuanpaygroup.com\/it\/#organization"},"potentialAction":[{"@type":"SearchAction","target":{"@type":"EntryPoint","urlTemplate":"https:\/\/yuanpaygroup.com\/it\/?s={search_term_string}"},"query-input":"required name=search_term_string"}],"inLanguage":"it-IT"},{"@type":"Organization","@id":"https:\/\/yuanpaygroup.com\/it\/#organization","name":"Yuan Pay Group","url":"https:\/\/yuanpaygroup.com\/it\/","logo":{"@type":"ImageObject","inLanguage":"it-IT","@id":"https:\/\/yuanpaygroup.com\/it\/#\/schema\/logo\/image\/","url":"https:\/\/yuanpaygroup.com\/wp-content\/uploads\/2023\/02\/YuanPayGroup.png","contentUrl":"https:\/\/yuanpaygroup.com\/wp-content\/uploads\/2023\/02\/YuanPayGroup.png","width":218,"height":30,"caption":"Yuan Pay Group"},"image":{"@id":"https:\/\/yuanpaygroup.com\/it\/#\/schema\/logo\/image\/"}}]}},"_links":{"self":[{"href":"https:\/\/yuanpaygroup.com\/it\/wp-json\/wp\/v2\/pages\/428","targetHints":{"allow":["GET"]}}],"collection":[{"href":"https:\/\/yuanpaygroup.com\/it\/wp-json\/wp\/v2\/pages"}],"about":[{"href":"https:\/\/yuanpaygroup.com\/it\/wp-json\/wp\/v2\/types\/page"}],"author":[{"embeddable":true,"href":"https:\/\/yuanpaygroup.com\/it\/wp-json\/wp\/v2\/users\/1"}],"replies":[{"embeddable":true,"href":"https:\/\/yuanpaygroup.com\/it\/wp-json\/wp\/v2\/comments?post=428"}],"version-history":[{"count":0,"href":"https:\/\/yuanpaygroup.com\/it\/wp-json\/wp\/v2\/pages\/428\/revisions"}],"wp:attachment":[{"href":"https:\/\/yuanpaygroup.com\/it\/wp-json\/wp\/v2\/media?parent=428"}],"curies":[{"name":"wp","href":"https:\/\/api.w.org\/{rel}","templated":true}]}}