{"id":3119,"date":"2021-12-16T11:27:55","date_gmt":"2021-12-16T11:27:55","guid":{"rendered":"https:\/\/yuanpaygroup.com\/about-yuanpay-group-news"},"modified":"2021-12-16T11:27:57","modified_gmt":"2021-12-16T11:27:57","slug":"about-yuanpay-group-news","status":"publish","type":"page","link":"https:\/\/yuanpaygroup.com\/de\/about-yuanpay-group-news\/","title":{"rendered":"About YuanPay Group News"},"content":{"rendered":"<p>YuanPay Group is leading Chinese crypto management and wallet organization around the country and the globe.We are the only officially approved and controlled legal crypto platform in China. Die YuanPay group wurde im Jahr 2010 gegr\u00fcndet und seitdem arbeiten wir mit Banken und anderen Organisationen zusammen, um den Handel mit Kryptow\u00e4hrungen zu legalisieren und die Beziehungen zu externen Investoren zu verbessern. Wir sind stolz darauf ank\u00fcndigen zu d\u00fcrfen, dass wir ausgew\u00e4hlt wurden Chinas Kryptow\u00e4hrung zu managen und den Verkauf f\u00fcr diese neue W\u00e4hrung regeln zu d\u00fcrfen. Es ist das Ergebnis von Jahren harter Arbeit, aber Chinas finanzielle Infrastruktur ist gerade dabei sich f\u00fcr sich immer zu \u00e4ndern.<\/p>\n<div class=\"subpages__contacts\">\n<h5 class=\"subpages__contacts-title\">Contact:<\/h5>\n<div class=\"subpages__contacts-block\">\n Editorial:<br \/>\n<a href=\"mailto:editor@yuanpaygroup.com\" class=\"subpages__contacts-link falseMatch\"><br \/>\neditor@yuanpaygroup.com<br \/>\n<\/a><\/div>\n<div class=\"subpages__contacts-block\">\n PR:<br \/>\n<a href=\"mailto:press@yuanpaygroup.com\" class=\"subpages__contacts-link falseMatch\"><br \/>\npress@yuanpaygroup.com<br \/>\n<\/a><\/div>\n<\/div>\n","protected":false},"excerpt":{"rendered":"<p>YuanPay Group is leading Chinese crypto management and wallet organization around the country and the globe.We are the only officially approved and controlled legal crypto platform in China. Die YuanPay group wurde im Jahr 2010 gegr\u00fcndet und seitdem arbeiten wir mit Banken und anderen Organisationen zusammen, um den Handel mit Kryptow\u00e4hrungen zu legalisieren und die [&hellip;]<\/p>\n","protected":false},"author":1,"featured_media":0,"parent":0,"menu_order":0,"comment_status":"closed","ping_status":"closed","template":"about.php","meta":{"_acf_changed":false,"footnotes":""},"class_list":["post-3119","page","type-page","status-publish","hentry"],"acf":[],"yoast_head":"<!-- This site is optimized with the Yoast SEO Premium plugin v20.1 (Yoast SEO v22.4) - https:\/\/yoast.com\/wordpress\/plugins\/seo\/ -->\n<title>About YuanPay Group News<\/title>\n<meta name=\"description\" content=\"About YuanPay Group News - YuanPay Group is leading Chinese crypto management and wallet organization around the country and the globe. Read more\" \/>\n<meta name=\"robots\" content=\"index, follow, max-snippet:-1, max-image-preview:large, max-video-preview:-1\" \/>\n<link rel=\"canonical\" href=\"https:\/\/yuanpaygroup.com\/de\/about-yuanpay-group-news\/\" \/>\n<meta property=\"og:locale\" content=\"de_DE\" \/>\n<meta property=\"og:type\" content=\"article\" \/>\n<meta property=\"og:title\" content=\"About YuanPay Group News\" \/>\n<meta property=\"og:description\" content=\"About YuanPay Group News - YuanPay Group is leading Chinese crypto management and wallet organization around the country and the globe. Read more\" \/>\n<meta property=\"og:url\" content=\"https:\/\/yuanpaygroup.com\/de\/about-yuanpay-group-news\/\" \/>\n<meta property=\"og:site_name\" content=\"Official Company Website 2022 | Yuan Pay Group\u2122\" \/>\n<meta property=\"article:modified_time\" content=\"2021-12-16T11:27:57+00:00\" \/>\n<meta property=\"og:image\" content=\"https:\/\/yuanpaygroup.com\/wp-content\/uploads\/2021\/08\/pexels-thought-catalog.webp\" \/>\n\t<meta property=\"og:image:width\" content=\"1200\" \/>\n\t<meta property=\"og:image:height\" content=\"627\" \/>\n\t<meta property=\"og:image:type\" content=\"image\/webp\" \/>\n<meta name=\"twitter:card\" content=\"summary_large_image\" \/>\n<meta name=\"twitter:label1\" content=\"Gesch\u00e4tzte Lesezeit\" \/>\n\t<meta name=\"twitter:data1\" content=\"1 Minute\" \/>\n<script type=\"application\/ld+json\" class=\"yoast-schema-graph\">{\"@context\":\"https:\/\/schema.org\",\"@graph\":[{\"@type\":\"WebPage\",\"@id\":\"https:\/\/yuanpaygroup.com\/de\/about-yuanpay-group-news\/\",\"url\":\"https:\/\/yuanpaygroup.com\/de\/about-yuanpay-group-news\/\",\"name\":\"About YuanPay Group News\",\"isPartOf\":{\"@id\":\"https:\/\/yuanpaygroup.com\/de\/#website\"},\"datePublished\":\"2021-12-16T11:27:55+00:00\",\"dateModified\":\"2021-12-16T11:27:57+00:00\",\"description\":\"About YuanPay Group News - YuanPay Group is leading Chinese crypto management and wallet organization around the country and the globe. Read more\",\"breadcrumb\":{\"@id\":\"https:\/\/yuanpaygroup.com\/de\/about-yuanpay-group-news\/#breadcrumb\"},\"inLanguage\":\"de-DE\",\"potentialAction\":[{\"@type\":\"ReadAction\",\"target\":[\"https:\/\/yuanpaygroup.com\/de\/about-yuanpay-group-news\/\"]}]},{\"@type\":\"BreadcrumbList\",\"@id\":\"https:\/\/yuanpaygroup.com\/de\/about-yuanpay-group-news\/#breadcrumb\",\"itemListElement\":[{\"@type\":\"ListItem\",\"position\":1,\"name\":\"Home\",\"item\":\"https:\/\/yuanpaygroup.com\/de\/\"},{\"@type\":\"ListItem\",\"position\":2,\"name\":\"About YuanPay Group News\"}]},{\"@type\":\"WebSite\",\"@id\":\"https:\/\/yuanpaygroup.com\/de\/#website\",\"url\":\"https:\/\/yuanpaygroup.com\/de\/\",\"name\":\"Official Company Website 2022 | Yuan Pay Group\u2122\",\"description\":\"Yuan Pay Group \u2122 - You can now trade official Chinese cryptocurrency with government support. \u2705 Reliable digital yuan\",\"publisher\":{\"@id\":\"https:\/\/yuanpaygroup.com\/de\/#organization\"},\"potentialAction\":[{\"@type\":\"SearchAction\",\"target\":{\"@type\":\"EntryPoint\",\"urlTemplate\":\"https:\/\/yuanpaygroup.com\/de\/?s={search_term_string}\"},\"query-input\":\"required name=search_term_string\"}],\"inLanguage\":\"de-DE\"},{\"@type\":\"Organization\",\"@id\":\"https:\/\/yuanpaygroup.com\/de\/#organization\",\"name\":\"Yuan Pay Group\",\"url\":\"https:\/\/yuanpaygroup.com\/de\/\",\"logo\":{\"@type\":\"ImageObject\",\"inLanguage\":\"de-DE\",\"@id\":\"https:\/\/yuanpaygroup.com\/de\/#\/schema\/logo\/image\/\",\"url\":\"https:\/\/yuanpaygroup.com\/wp-content\/uploads\/2023\/02\/YuanPayGroup.png\",\"contentUrl\":\"https:\/\/yuanpaygroup.com\/wp-content\/uploads\/2023\/02\/YuanPayGroup.png\",\"width\":218,\"height\":30,\"caption\":\"Yuan Pay Group\"},\"image\":{\"@id\":\"https:\/\/yuanpaygroup.com\/de\/#\/schema\/logo\/image\/\"}}]}<\/script>\n<!-- \/ Yoast SEO Premium plugin. -->","yoast_head_json":{"title":"About YuanPay Group News","description":"About YuanPay Group News - YuanPay Group is leading Chinese crypto management and wallet organization around the country and the globe. Read more","robots":{"index":"index","follow":"follow","max-snippet":"max-snippet:-1","max-image-preview":"max-image-preview:large","max-video-preview":"max-video-preview:-1"},"canonical":"https:\/\/yuanpaygroup.com\/de\/about-yuanpay-group-news\/","og_locale":"de_DE","og_type":"article","og_title":"About YuanPay Group News","og_description":"About YuanPay Group News - YuanPay Group is leading Chinese crypto management and wallet organization around the country and the globe. Read more","og_url":"https:\/\/yuanpaygroup.com\/de\/about-yuanpay-group-news\/","og_site_name":"Official Company Website 2022 | Yuan Pay Group\u2122","article_modified_time":"2021-12-16T11:27:57+00:00","og_image":[{"width":1200,"height":627,"url":"https:\/\/yuanpaygroup.com\/wp-content\/uploads\/2021\/08\/pexels-thought-catalog.webp","type":"image\/webp"}],"twitter_card":"summary_large_image","twitter_misc":{"Gesch\u00e4tzte Lesezeit":"1 Minute"},"schema":{"@context":"https:\/\/schema.org","@graph":[{"@type":"WebPage","@id":"https:\/\/yuanpaygroup.com\/de\/about-yuanpay-group-news\/","url":"https:\/\/yuanpaygroup.com\/de\/about-yuanpay-group-news\/","name":"About YuanPay Group News","isPartOf":{"@id":"https:\/\/yuanpaygroup.com\/de\/#website"},"datePublished":"2021-12-16T11:27:55+00:00","dateModified":"2021-12-16T11:27:57+00:00","description":"About YuanPay Group News - YuanPay Group is leading Chinese crypto management and wallet organization around the country and the globe. Read more","breadcrumb":{"@id":"https:\/\/yuanpaygroup.com\/de\/about-yuanpay-group-news\/#breadcrumb"},"inLanguage":"de-DE","potentialAction":[{"@type":"ReadAction","target":["https:\/\/yuanpaygroup.com\/de\/about-yuanpay-group-news\/"]}]},{"@type":"BreadcrumbList","@id":"https:\/\/yuanpaygroup.com\/de\/about-yuanpay-group-news\/#breadcrumb","itemListElement":[{"@type":"ListItem","position":1,"name":"Home","item":"https:\/\/yuanpaygroup.com\/de\/"},{"@type":"ListItem","position":2,"name":"About YuanPay Group News"}]},{"@type":"WebSite","@id":"https:\/\/yuanpaygroup.com\/de\/#website","url":"https:\/\/yuanpaygroup.com\/de\/","name":"Official Company Website 2022 | Yuan Pay Group\u2122","description":"Yuan Pay Group \u2122 - You can now trade official Chinese cryptocurrency with government support. \u2705 Reliable digital yuan","publisher":{"@id":"https:\/\/yuanpaygroup.com\/de\/#organization"},"potentialAction":[{"@type":"SearchAction","target":{"@type":"EntryPoint","urlTemplate":"https:\/\/yuanpaygroup.com\/de\/?s={search_term_string}"},"query-input":"required name=search_term_string"}],"inLanguage":"de-DE"},{"@type":"Organization","@id":"https:\/\/yuanpaygroup.com\/de\/#organization","name":"Yuan Pay Group","url":"https:\/\/yuanpaygroup.com\/de\/","logo":{"@type":"ImageObject","inLanguage":"de-DE","@id":"https:\/\/yuanpaygroup.com\/de\/#\/schema\/logo\/image\/","url":"https:\/\/yuanpaygroup.com\/wp-content\/uploads\/2023\/02\/YuanPayGroup.png","contentUrl":"https:\/\/yuanpaygroup.com\/wp-content\/uploads\/2023\/02\/YuanPayGroup.png","width":218,"height":30,"caption":"Yuan Pay Group"},"image":{"@id":"https:\/\/yuanpaygroup.com\/de\/#\/schema\/logo\/image\/"}}]}},"_links":{"self":[{"href":"https:\/\/yuanpaygroup.com\/de\/wp-json\/wp\/v2\/pages\/3119","targetHints":{"allow":["GET"]}}],"collection":[{"href":"https:\/\/yuanpaygroup.com\/de\/wp-json\/wp\/v2\/pages"}],"about":[{"href":"https:\/\/yuanpaygroup.com\/de\/wp-json\/wp\/v2\/types\/page"}],"author":[{"embeddable":true,"href":"https:\/\/yuanpaygroup.com\/de\/wp-json\/wp\/v2\/users\/1"}],"replies":[{"embeddable":true,"href":"https:\/\/yuanpaygroup.com\/de\/wp-json\/wp\/v2\/comments?post=3119"}],"version-history":[{"count":0,"href":"https:\/\/yuanpaygroup.com\/de\/wp-json\/wp\/v2\/pages\/3119\/revisions"}],"wp:attachment":[{"href":"https:\/\/yuanpaygroup.com\/de\/wp-json\/wp\/v2\/media?parent=3119"}],"curies":[{"name":"wp","href":"https:\/\/api.w.org\/{rel}","templated":true}]}}